{"id":51,"date":"2017-03-01T21:57:17","date_gmt":"2017-03-01T20:57:17","guid":{"rendered":"http:\/\/192.168.1.166\/wordpress\/?page_id=51"},"modified":"2022-06-10T15:45:38","modified_gmt":"2022-06-10T13:45:38","slug":"firma-2","status":"publish","type":"page","link":"https:\/\/3dformat.eu\/wordpress\/firma-2\/","title":{"rendered":"FIRMA"},"content":{"rendered":"<p style=\"text-align: left;\"><span style=\"color: #0099ff;\">Jeste\u015bmy dynamicznie rozwijaj\u0105c\u0105 si\u0119 firm\u0105<\/span> z wieloletnim do\u015bwiadczeniem, \u015bwiadcz\u0105c\u0105 wysokiej jako\u015bci, <strong>kompleksowe us\u0142ugi projektowe<\/strong> oparte na indywidualnych potrzebach inwestor\u00f3w.<\/p>\n<p style=\"text-align: left;\"><span style=\"color: #0099ff;\">Aby sprosta\u0107 &nbsp;zmieniaj\u0105cemu si\u0119 rynkowi<\/span><strong>&nbsp; <\/strong>oferujemy<strong> pe\u0142en zakres us\u0142ug projektowych<\/strong>, zaczynaj\u0105c od analiz poprzez koncepcje i projekty budowlane &nbsp;wraz z ich profesjonaln\u0105 prezentacj\u0105 &nbsp;a ko\u0144cz\u0105c na nadzorach autorskich.<\/p>\n<p style=\"text-align: left;\"><span style=\"color: #0099ff;\">Dodatkowo jako jedna z nielicznych pracowni <\/span>wykonujemy<strong>&nbsp;ekspertyzy po\u017carowe<\/strong> powi\u0105zane z opracowywanymi koncepcjami rozbudowy. W wyniku wypracowanej wsp\u00f3\u0142pracy projektant\u00f3w i rzeczoznawc\u00f3w uzyskiwanie dla inwestycji odst\u0119pstwa od przepis\u00f3w techniczno-budowlanych i przeciwpo\u017carowych gwarantuj\u0105 &nbsp;<strong>ogromne&nbsp;oszcz\u0119dno\u015bci finansowe<\/strong>.<\/p>\n<p style=\"text-align: left;\"><span style=\"color: #0099ff;\">G\u0142\u00f3wne za\u0142o\u017cenie przy opracowywaniu projekt\u00f3w<\/span> to dob\u00f3r <strong>najlepszych rozwi\u0105za\u0144 architektonicznych<\/strong> w stosunku do potrzeb zamawiaj\u0105cego, natomiast estetyka i jako\u015b\u0107 projektowanych budynk\u00f3w &nbsp;to <strong>podstawowe czynniki&nbsp; kszta\u0142tuj\u0105ce&nbsp; wizerunek firm<\/strong> dla kt\u00f3rych tworzymy.<\/p>\n<p style=\"text-align: left;\"><span style=\"color: #0099ff;\">Zapotrzebowanie rynku<\/span> a tak\u017ce <strong>potrzeby naszych inwestor\u00f3w<\/strong> sk\u0142oni\u0142y nas do rozszerzenia dzia\u0142alno\u015bci o cz\u0119\u015b\u0107 budowlano-realizacyjn\u0105.&nbsp;<strong>Wsp\u00f3\u0142praca z firm\u0105 wykonawcz\u0105<\/strong> umo\u017cliwia nam realizacje i koordynacje prac budowlanych zwi\u0105zanych z projektowanym obiektem a\u017c do momentu oddania budynku do u\u017cytkowania. \u015acis\u0142a kooperacja projektanta i wykonawcy pozwala zoptymalizowa\u0107 prace projektowe, ale co wa\u017cniejsze <strong>umo\u017cliwia w spos\u00f3b istoty ograniczenie czasu realizacji budowy obiektu<\/strong>.<\/p>\n<p style=\"text-align: left;\"><span style=\"color: #0099ff;\">Profesjonalnie i terminowo przygotowana dokumentacja<\/span> projektowa <strong>doskonale organizuje proces inwestycyjny<\/strong> . Poczynaj\u0105c od wst\u0119pnych szkic\u00f3w a ko\u0144cz\u0105c na przekazaniu zrealizowanego obiektu inwestorowi.<\/p>\n<p>&nbsp;<\/p>\n<p>&nbsp;<\/p>\n","protected":false},"excerpt":{"rendered":"<p>Jeste\u015bmy dynamicznie rozwijaj\u0105c\u0105 si\u0119 firm\u0105 z wieloletnim do\u015bwiadczeniem, \u015bwiadcz\u0105c\u0105 wysokiej jako\u015bci, kompleksowe us\u0142ugi projektowe oparte na indywidualnych potrzebach inwestor\u00f3w. Aby sprosta\u0107 &nbsp;zmieniaj\u0105cemu si\u0119 rynkowi&nbsp; oferujemy pe\u0142en zakres us\u0142ug projektowych, zaczynaj\u0105c od analiz poprzez koncepcje i projekty budowlane &nbsp;wraz z ich profesjonaln\u0105 prezentacj\u0105 &nbsp;a ko\u0144cz\u0105c na nadzorach autorskich. Dodatkowo jako jedna z nielicznych pracowni wykonujemy&nbsp;ekspertyzy po\u017carowe &hellip; <\/p>\n<p class=\"link-more\"><a href=\"https:\/\/3dformat.eu\/wordpress\/firma-2\/\" class=\"more-link\">Czytaj dalej<span class=\"screen-reader-text\"> \u201eFIRMA\u201d<\/span><\/a><\/p>\n","protected":false},"author":1,"featured_media":585,"parent":0,"menu_order":0,"comment_status":"closed","ping_status":"closed","template":"","meta":{"footnotes":""},"class_list":["post-51","page","type-page","status-publish","has-post-thumbnail","hentry"],"_links":{"self":[{"href":"https:\/\/3dformat.eu\/wordpress\/wp-json\/wp\/v2\/pages\/51","targetHints":{"allow":["GET"]}}],"collection":[{"href":"https:\/\/3dformat.eu\/wordpress\/wp-json\/wp\/v2\/pages"}],"about":[{"href":"https:\/\/3dformat.eu\/wordpress\/wp-json\/wp\/v2\/types\/page"}],"author":[{"embeddable":true,"href":"https:\/\/3dformat.eu\/wordpress\/wp-json\/wp\/v2\/users\/1"}],"replies":[{"embeddable":true,"href":"https:\/\/3dformat.eu\/wordpress\/wp-json\/wp\/v2\/comments?post=51"}],"version-history":[{"count":4,"href":"https:\/\/3dformat.eu\/wordpress\/wp-json\/wp\/v2\/pages\/51\/revisions"}],"predecessor-version":[{"id":583,"href":"https:\/\/3dformat.eu\/wordpress\/wp-json\/wp\/v2\/pages\/51\/revisions\/583"}],"wp:featuredmedia":[{"embeddable":true,"href":"https:\/\/3dformat.eu\/wordpress\/wp-json\/wp\/v2\/media\/585"}],"wp:attachment":[{"href":"https:\/\/3dformat.eu\/wordpress\/wp-json\/wp\/v2\/media?parent=51"}],"curies":[{"name":"wp","href":"https:\/\/api.w.org\/{rel}","templated":true}]}}